{"id":75,"date":"2024-04-09T11:39:15","date_gmt":"2024-04-09T16:39:15","guid":{"rendered":"https:\/\/mundocomun.org\/?page_id=75"},"modified":"2025-07-31T16:40:09","modified_gmt":"2025-07-31T21:40:09","slug":"somos-mundo-comun","status":"publish","type":"page","link":"https:\/\/mundocomun.org\/en\/somos-mundo-comun\/","title":{"rendered":"About us"},"content":{"rendered":"<div class=\"wp-block-group alignfull has-base-background-color has-background has-global-padding is-layout-constrained wp-container-core-group-is-layout-36f65c2d wp-block-group-is-layout-constrained\" style=\"margin-top:0;margin-bottom:0;padding-top:var(--wp--preset--spacing--50);padding-right:var(--wp--preset--spacing--50);padding-bottom:var(--wp--preset--spacing--50);padding-left:var(--wp--preset--spacing--50)\">\n<div class=\"wp-block-columns alignwide is-layout-flex wp-container-core-columns-is-layout-ef10d34a wp-block-columns-is-layout-flex\">\n<div class=\"wp-block-column is-layout-flow wp-container-core-column-is-layout-0c22cdd7 wp-block-column-is-layout-flow\" style=\"flex-basis:100%\">\n<p class=\"has-heading-font-family has-x-large-font-size wp-block-paragraph\" style=\"line-height:1.2\">mundo com\u00fan es una iniciativa de dise\u00f1o y experimentaci\u00f3n transdisciplinar en busca de estrategias de cambio cultural que recobren el sentido de mundo compartido e interdependiente.<\/p>\n\n\n\n<div class=\"wp-block-columns is-layout-flex wp-container-core-columns-is-layout-3afcaa04 wp-block-columns-is-layout-flex\">\n<div class=\"wp-block-column is-layout-flow wp-block-column-is-layout-flow\">\n<p class=\"wp-container-content-9cfa9a5a wp-block-paragraph\">The challenges posed by the climate crisis call us to review the ways in which we respond to the urgency. It is necessary but insufficient to address the visible symptoms of the current socio-environmental degradation that has deprived humanity of a sense of the&nbsp;<em>open, loving and plural yet-to-come<\/em>The root causes of this crisis are related to our sense of identity and spiritual belonging.<\/p>\n\n\n\n<p class=\"wp-block-paragraph\">Addressing this complexity requires developing mechanisms of collective imagination to practice modes of relationship based on care and on the awareness of the mutuality that characterizes living systems at all scales. Each body, each \/in\/dividual, each human and more-than-human person is a fractal holding the creative power necessary to restore our Earth systems.<\/p>\n\n\n\n<p class=\"wp-block-paragraph\">Therefore, we instigate systemic changes that intertwine singular and collective agency in response to the climate crisis, in order to transform the paradigms of separation and domination upon which human identity and civilization have been built, into an ethics and aesthetics of care rooted in the awareness of interdependence.<\/p>\n<\/div>\n\n\n\n<div class=\"wp-block-column is-layout-flow wp-block-column-is-layout-flow\">\n<p class=\"wp-block-paragraph\">Recognizing that care is a non-innocent and multifaceted notion and practice, we build on the conviction that caring for those who care for us (human and more-than-human) is a radical act, that subverts the extractivist logic prevailing in contemporary human ways of inhabiting, and that threatens the ongoingness of life.<\/p>\n\n\n\n<p class=\"wp-block-paragraph\">To achieve deep and lasting change, it is necessary to act in the dimension of the mind as well as in the dimension of the body, in thought and action.<\/p>\n\n\n\n<p class=\"wp-block-paragraph\">To this end, we design <a href=\"https:\/\/mundocomun.org\/en\/narrativas\/\" data-type=\"link\" data-id=\"https:\/\/mundocomun.org\/narrativas\/\">Narratives<\/a> and <a href=\"https:\/\/mundocomun.org\/en\/experiencias\/\" data-type=\"page\" data-id=\"163\">Experiences<\/a> as refuges of care and inspiration for people - of all species - who devote their energy to answering the call of this time.<\/p>\n<\/div>\n<\/div>\n<\/div>\n<\/div>\n<\/div>\n\n\n\n<div class=\"wp-block-cover alignfull is-light has-parallax is-repeated\" style=\"padding-top:var(--wp--preset--spacing--50);padding-right:var(--wp--preset--spacing--50);padding-bottom:var(--wp--preset--spacing--50);padding-left:var(--wp--preset--spacing--50);min-height:100px;aspect-ratio:unset;\"><div class=\"wp-block-cover__image-background wp-image-89 has-parallax is-repeated\" style=\"background-position:46% 44%;background-image:url(https:\/\/mundocomun.org\/wp-content\/uploads\/2024\/04\/About-1.png)\"><\/div><span aria-hidden=\"true\" class=\"wp-block-cover__background has-base-background-color has-background-dim-0 has-background-dim\"><\/span><div class=\"wp-block-cover__inner-container has-global-padding is-layout-constrained wp-container-core-cover-is-layout-0979e81e wp-block-cover-is-layout-constrained\">\n<div style=\"height:596px\" aria-hidden=\"true\" class=\"wp-block-spacer\"><\/div>\n<\/div><\/div>\n\n\n\n<div class=\"wp-block-group alignfull has-base-2-background-color has-background has-global-padding is-layout-constrained wp-container-core-group-is-layout-af3670d6 wp-block-group-is-layout-constrained\" style=\"margin-top:0;margin-bottom:0;padding-top:var(--wp--preset--spacing--60);padding-right:var(--wp--preset--spacing--60);padding-bottom:var(--wp--preset--spacing--60);padding-left:var(--wp--preset--spacing--60)\">\n<div class=\"wp-block-group alignwide is-layout-flow wp-block-group-is-layout-flow\">\n<div style=\"height:var(--wp--preset--spacing--50)\" aria-hidden=\"true\" class=\"wp-block-spacer\"><\/div>\n\n\n\n<p class=\"has-text-align-center has-heading-font-family has-x-large-font-size wp-block-paragraph\" style=\"font-style:normal;font-weight:400;line-height:1.2\">We reimagine the foundational <em>myths<\/em> of our thought and practice new <em>rituals<\/em> that reveal the inherent beauty of life and restore hope.<\/p>\n\n\n\n<div style=\"height:var(--wp--preset--spacing--50)\" aria-hidden=\"true\" class=\"wp-block-spacer\"><\/div>\n<\/div>\n<\/div>","protected":false},"excerpt":{"rendered":"<p>mundo com\u00fan es una iniciativa de dise\u00f1o y experimentaci\u00f3n transdisciplinar en busca de estrategias de cambio cultural que recobren el sentido de mundo compartido e interdependiente. Los desaf\u00edos a los que nos enfrenta la crisis clim\u00e1tica nos invitan a revisar las formas en que respondemos a la urgencia. Es necesario pero no suficiente atender los [&hellip;]<\/p>\n","protected":false},"author":247396401,"featured_media":0,"parent":0,"menu_order":0,"comment_status":"closed","ping_status":"closed","template":"","meta":{"_crdt_document":"","advanced_seo_description":"","jetpack_seo_html_title":"","jetpack_seo_noindex":false,"jetpack_post_was_ever_published":false,"footnotes":""},"class_list":["post-75","page","type-page","status-publish","hentry"],"jetpack_likes_enabled":true,"jetpack_sharing_enabled":true,"jetpack_shortlink":"https:\/\/wp.me\/Pfzmdr-1d","jetpack-related-posts":[],"_links":{"self":[{"href":"https:\/\/mundocomun.org\/en\/wp-json\/wp\/v2\/pages\/75","targetHints":{"allow":["GET"]}}],"collection":[{"href":"https:\/\/mundocomun.org\/en\/wp-json\/wp\/v2\/pages"}],"about":[{"href":"https:\/\/mundocomun.org\/en\/wp-json\/wp\/v2\/types\/page"}],"author":[{"embeddable":true,"href":"https:\/\/mundocomun.org\/en\/wp-json\/wp\/v2\/users\/247396401"}],"replies":[{"embeddable":true,"href":"https:\/\/mundocomun.org\/en\/wp-json\/wp\/v2\/comments?post=75"}],"version-history":[{"count":27,"href":"https:\/\/mundocomun.org\/en\/wp-json\/wp\/v2\/pages\/75\/revisions"}],"predecessor-version":[{"id":1358,"href":"https:\/\/mundocomun.org\/en\/wp-json\/wp\/v2\/pages\/75\/revisions\/1358"}],"wp:attachment":[{"href":"https:\/\/mundocomun.org\/en\/wp-json\/wp\/v2\/media?parent=75"}],"curies":[{"name":"wp","href":"https:\/\/api.w.org\/{rel}","templated":true}]}}