{"id":1567,"date":"2025-08-13T18:55:24","date_gmt":"2025-08-13T23:55:24","guid":{"rendered":"https:\/\/mundocomun.org\/?page_id=1567"},"modified":"2025-08-17T12:27:40","modified_gmt":"2025-08-17T17:27:40","slug":"cuerpos-de-agua","status":"publish","type":"page","link":"https:\/\/mundocomun.org\/en\/experiencias\/cuerpos-de-agua\/","title":{"rendered":"Cuerpos de Agua"},"content":{"rendered":"<div class=\"wp-block-group alignfull is-style-section-2 has-global-padding is-content-justification-center is-layout-constrained wp-block-group-is-layout-constrained\" style=\"margin-top:0;margin-bottom:0;padding-top:var(--wp--preset--spacing--40);padding-bottom:var(--wp--preset--spacing--40)\">\n<div class=\"wp-block-columns alignwide are-vertically-aligned-center is-layout-flex wp-container-core-columns-is-layout-7d3da7e7 wp-block-columns-is-layout-flex\">\n<div class=\"wp-block-column is-vertically-aligned-center is-layout-flow wp-block-column-is-layout-flow\">\n<figure class=\"wp-block-image size-full\"><img data-recalc-dims=\"1\" fetchpriority=\"high\" decoding=\"async\" width=\"1080\" height=\"1350\" data-attachment-id=\"1594\" data-permalink=\"https:\/\/mundocomun.org\/en\/experiencias\/cuerpos-de-agua\/poster-cuerpos-de-agua-ig\/\" data-orig-file=\"https:\/\/i0.wp.com\/mundocomun.org\/wp-content\/uploads\/2025\/08\/Poster-Cuerpos-de-agua-IG.gif?fit=1080%2C1350&amp;ssl=1\" data-orig-size=\"1080,1350\" data-comments-opened=\"1\" data-image-meta=\"{&quot;aperture&quot;:&quot;0&quot;,&quot;credit&quot;:&quot;&quot;,&quot;camera&quot;:&quot;&quot;,&quot;caption&quot;:&quot;&quot;,&quot;created_timestamp&quot;:&quot;0&quot;,&quot;copyright&quot;:&quot;&quot;,&quot;focal_length&quot;:&quot;0&quot;,&quot;iso&quot;:&quot;0&quot;,&quot;shutter_speed&quot;:&quot;0&quot;,&quot;title&quot;:&quot;&quot;,&quot;orientation&quot;:&quot;0&quot;}\" data-image-title=\"Poster-Cuerpos-de-agua-IG\" data-image-description=\"\" data-image-caption=\"\" data-large-file=\"https:\/\/i0.wp.com\/mundocomun.org\/wp-content\/uploads\/2025\/08\/Poster-Cuerpos-de-agua-IG.gif?fit=819%2C1024&amp;ssl=1\" src=\"https:\/\/i0.wp.com\/mundocomun.org\/wp-content\/uploads\/2025\/08\/Poster-Cuerpos-de-agua-IG.gif?resize=1080%2C1350&#038;ssl=1\" alt=\"\" class=\"wp-image-1594\"\/><\/figure>\n<\/div>\n\n\n\n<div class=\"wp-block-column is-vertically-aligned-center is-layout-flow wp-block-column-is-layout-flow\">\n<div class=\"wp-block-buttons is-layout-flex wp-block-buttons-is-layout-flex\">\n<div class=\"wp-block-button\"><a class=\"wp-block-button__link wp-element-button\" href=\"https:\/\/airtable.com\/appxHcGl1Rm720ma8\/pagru8QUH3uM8a9Ic\/form\"><strong>\u00a1Reserva tu lugar! Enlace de registro aqu\u00ed<\/strong><\/a><\/div>\n<\/div>\n\n\n\n<p class=\"has-text-align-left wp-block-paragraph\">Esta <a href=\"https:\/\/mundocomun.org\/en\/experiencias\/\" data-type=\"page\" data-id=\"163\"><em>Activaci\u00f3n Interespecie<\/em><\/a> es una creaci\u00f3n en di\u00e1logo con el<strong> agua<\/strong>: ella es el origen de todo lo vivo en la Tierra, la arquitectura inmanente de todos los cuerpos, y la base de los ciclos que determinan el clima (interior y global), as\u00ed como la sustancia primordial que nos une a trav\u00e9s del espacio y el tiempo.<\/p>\n\n\n\n<p class=\"wp-block-paragraph\">Combinando el dise\u00f1o sonoro, el movimiento som\u00e1tico y el relato cient\u00edfico-m\u00edtico del agua en el tiempo profundo, esta experiencia inmersiva con aud\u00edfonos estilo &#8220;Silent Disco&#8221; gu\u00eda a quienes participan a trav\u00e9s de la historia de la Tierra, y la propia de cada qui\u00e9n como cuerpo de agua en flujo, a recordar y percibir la existencia intr\u00ednsecamente entrelazada que somos.\u00a0<\/p>\n\n\n\n<p class=\"has-text-align-left wp-block-paragraph\">A lo largo de 90 minutos, exploramos la relaci\u00f3n sensible con un mundo cada vez m\u00e1s liquido, en un presente turbulento que llama a buscar pistas para nutrir la agencia creadora de realidades compartidas en este momento de transici\u00f3n planetaria.<\/p>\n\n\n\n<p class=\"has-text-align-left wp-block-paragraph\">Por primera vez abierta al p\u00fablico en Bogot\u00e1, <strong>Cuerpos de agua: ser humano en un mundo l\u00edquido<\/strong> se presenta en dos funciones de entrada libre con cupo limitado, previa inscripci\u00f3n.<\/p>\n<\/div>\n<\/div>\n<\/div>","protected":false},"excerpt":{"rendered":"<p>Esta Activaci\u00f3n Interespecie es una creaci\u00f3n en di\u00e1logo con el agua: ella es el origen de todo lo vivo en la Tierra, la arquitectura inmanente de todos los cuerpos, y la base de los ciclos que determinan el clima (interior y global), as\u00ed como la sustancia primordial que nos une a trav\u00e9s del espacio y [&hellip;]<\/p>\n","protected":false},"author":247396400,"featured_media":1576,"parent":163,"menu_order":0,"comment_status":"closed","ping_status":"closed","template":"","meta":{"_crdt_document":"","advanced_seo_description":"","jetpack_seo_html_title":"","jetpack_seo_noindex":false,"footnotes":""},"class_list":["post-1567","page","type-page","status-publish","has-post-thumbnail","hentry"],"jetpack_likes_enabled":true,"jetpack_sharing_enabled":true,"jetpack_shortlink":"https:\/\/wp.me\/Pfzmdr-ph","jetpack-related-posts":[],"_links":{"self":[{"href":"https:\/\/mundocomun.org\/en\/wp-json\/wp\/v2\/pages\/1567","targetHints":{"allow":["GET"]}}],"collection":[{"href":"https:\/\/mundocomun.org\/en\/wp-json\/wp\/v2\/pages"}],"about":[{"href":"https:\/\/mundocomun.org\/en\/wp-json\/wp\/v2\/types\/page"}],"author":[{"embeddable":true,"href":"https:\/\/mundocomun.org\/en\/wp-json\/wp\/v2\/users\/247396400"}],"replies":[{"embeddable":true,"href":"https:\/\/mundocomun.org\/en\/wp-json\/wp\/v2\/comments?post=1567"}],"version-history":[{"count":13,"href":"https:\/\/mundocomun.org\/en\/wp-json\/wp\/v2\/pages\/1567\/revisions"}],"predecessor-version":[{"id":1596,"href":"https:\/\/mundocomun.org\/en\/wp-json\/wp\/v2\/pages\/1567\/revisions\/1596"}],"up":[{"embeddable":true,"href":"https:\/\/mundocomun.org\/en\/wp-json\/wp\/v2\/pages\/163"}],"wp:featuredmedia":[{"embeddable":true,"href":"https:\/\/mundocomun.org\/en\/wp-json\/wp\/v2\/media\/1576"}],"wp:attachment":[{"href":"https:\/\/mundocomun.org\/en\/wp-json\/wp\/v2\/media?parent=1567"}],"curies":[{"name":"wp","href":"https:\/\/api.w.org\/{rel}","templated":true}]}}