{"id":1479,"date":"2025-08-06T21:25:14","date_gmt":"2025-08-07T02:25:14","guid":{"rendered":"https:\/\/mundocomun.org\/?page_id=1479"},"modified":"2025-09-01T17:24:34","modified_gmt":"2025-09-01T22:24:34","slug":"pluriverso-sesiones-informativas","status":"publish","type":"page","link":"https:\/\/mundocomun.org\/en\/experiencias\/pluriverso-sesiones-informativas\/","title":{"rendered":""},"content":{"rendered":"<div class=\"wp-block-group alignfull is-style-section-2 has-global-padding is-content-justification-center is-layout-constrained wp-block-group-is-layout-constrained\" style=\"margin-top:0;margin-bottom:0;padding-top:var(--wp--preset--spacing--50);padding-bottom:var(--wp--preset--spacing--50)\">\n<div class=\"wp-block-columns alignwide is-layout-flex wp-container-core-columns-is-layout-3506bd9a wp-block-columns-is-layout-flex\">\n<div class=\"wp-block-column is-layout-flow wp-container-core-column-is-layout-0c22cdd7 wp-block-column-is-layout-flow\">\n<div class=\"wp-block-group is-layout-flow wp-block-group-is-layout-flow\">\n<figure class=\"wp-block-image size-large wp-duotone-unset-1\"><img data-recalc-dims=\"1\" fetchpriority=\"high\" decoding=\"async\" width=\"1024\" height=\"1024\" data-attachment-id=\"1522\" data-permalink=\"https:\/\/mundocomun.org\/en\/sesion-informativa-ing-1\/\" data-orig-file=\"https:\/\/i0.wp.com\/mundocomun.org\/wp-content\/uploads\/2025\/08\/Sesion-informativa-ing-1.png?fit=1709%2C1709&amp;ssl=1\" data-orig-size=\"1709,1709\" data-comments-opened=\"1\" data-image-meta=\"{&quot;aperture&quot;:&quot;0&quot;,&quot;credit&quot;:&quot;&quot;,&quot;camera&quot;:&quot;&quot;,&quot;caption&quot;:&quot;&quot;,&quot;created_timestamp&quot;:&quot;0&quot;,&quot;copyright&quot;:&quot;&quot;,&quot;focal_length&quot;:&quot;0&quot;,&quot;iso&quot;:&quot;0&quot;,&quot;shutter_speed&quot;:&quot;0&quot;,&quot;title&quot;:&quot;&quot;,&quot;orientation&quot;:&quot;0&quot;}\" data-image-title=\"Sesio\u0301n informativa ing (1)\" data-image-description=\"\" data-image-caption=\"\" data-large-file=\"https:\/\/i0.wp.com\/mundocomun.org\/wp-content\/uploads\/2025\/08\/Sesion-informativa-ing-1.png?fit=1024%2C1024&amp;ssl=1\" src=\"https:\/\/i0.wp.com\/mundocomun.org\/wp-content\/uploads\/2025\/08\/Sesion-informativa-ing-1.png?resize=1024%2C1024&#038;ssl=1\" alt=\"\" class=\"wp-image-1522\" style=\"aspect-ratio:1;object-fit:cover\" srcset=\"https:\/\/i0.wp.com\/mundocomun.org\/wp-content\/uploads\/2025\/08\/Sesion-informativa-ing-1.png?resize=1024%2C1024&amp;ssl=1 1024w, https:\/\/i0.wp.com\/mundocomun.org\/wp-content\/uploads\/2025\/08\/Sesion-informativa-ing-1.png?resize=300%2C300&amp;ssl=1 300w, https:\/\/i0.wp.com\/mundocomun.org\/wp-content\/uploads\/2025\/08\/Sesion-informativa-ing-1.png?resize=150%2C150&amp;ssl=1 150w, https:\/\/i0.wp.com\/mundocomun.org\/wp-content\/uploads\/2025\/08\/Sesion-informativa-ing-1.png?resize=768%2C768&amp;ssl=1 768w, https:\/\/i0.wp.com\/mundocomun.org\/wp-content\/uploads\/2025\/08\/Sesion-informativa-ing-1.png?resize=1536%2C1536&amp;ssl=1 1536w, https:\/\/i0.wp.com\/mundocomun.org\/wp-content\/uploads\/2025\/08\/Sesion-informativa-ing-1.png?resize=12%2C12&amp;ssl=1 12w, https:\/\/i0.wp.com\/mundocomun.org\/wp-content\/uploads\/2025\/08\/Sesion-informativa-ing-1.png?w=1709&amp;ssl=1 1709w\" sizes=\"(max-width: 1000px) 100vw, 1000px\" \/><\/figure>\n\n\n\n<div class=\"wp-block-group is-layout-flow wp-container-core-group-is-layout-898c0ee1 wp-block-group-is-layout-flow\">\n<h3 class=\"wp-block-heading is-event-name\">Information Session in English<\/h3>\n<\/div>\n\n\n\n<div class=\"wp-block-buttons is-layout-flex wp-block-buttons-is-layout-flex\">\n<div class=\"wp-block-button is-style-outline is-style-outline--2\"><a class=\"wp-block-button__link wp-element-button\" href=\"https:\/\/zoom.us\/rec\/share\/icCvasQXCVInm-BEqF0qBNumOKLfzVnjHIqEEN-G6vcKWauH0sGxmbGWT07Cges6.7-xzLUDv1DZyw6oF\">August 15 recording in English available here<\/a><\/div>\n\n\n\n<div class=\"wp-block-button is-style-outline is-style-outline--3\"><a class=\"wp-block-button__link wp-element-button\" href=\"https:\/\/zoom.us\/rec\/share\/sK-wKIz-1PpXeKkrCAaGPQhi37sK8SX7CDoyrtj7wPvl-n7byjyJ-Yj1jV6KyTyC.fkW5bTPYF9nvhQja\">August 22d: recording in English available here<\/a><\/div>\n<\/div>\n<\/div>\n<\/div>\n\n\n\n<div class=\"wp-block-column is-layout-flow wp-container-core-column-is-layout-0c22cdd7 wp-block-column-is-layout-flow\">\n<div class=\"wp-block-group is-layout-flow wp-block-group-is-layout-flow\">\n<figure class=\"wp-block-image size-large wp-duotone-unset-4\"><img data-recalc-dims=\"1\" decoding=\"async\" width=\"1024\" height=\"1024\" data-attachment-id=\"1523\" data-permalink=\"https:\/\/mundocomun.org\/en\/sesion-informativa-esp-1\/\" data-orig-file=\"https:\/\/i0.wp.com\/mundocomun.org\/wp-content\/uploads\/2025\/08\/Sesion-informativa-esp-1.png?fit=1709%2C1709&amp;ssl=1\" data-orig-size=\"1709,1709\" data-comments-opened=\"1\" data-image-meta=\"{&quot;aperture&quot;:&quot;0&quot;,&quot;credit&quot;:&quot;&quot;,&quot;camera&quot;:&quot;&quot;,&quot;caption&quot;:&quot;&quot;,&quot;created_timestamp&quot;:&quot;0&quot;,&quot;copyright&quot;:&quot;&quot;,&quot;focal_length&quot;:&quot;0&quot;,&quot;iso&quot;:&quot;0&quot;,&quot;shutter_speed&quot;:&quot;0&quot;,&quot;title&quot;:&quot;&quot;,&quot;orientation&quot;:&quot;0&quot;}\" data-image-title=\"Sesio\u0301n informativa esp (1)\" data-image-description=\"\" data-image-caption=\"\" data-large-file=\"https:\/\/i0.wp.com\/mundocomun.org\/wp-content\/uploads\/2025\/08\/Sesion-informativa-esp-1.png?fit=1024%2C1024&amp;ssl=1\" src=\"https:\/\/i0.wp.com\/mundocomun.org\/wp-content\/uploads\/2025\/08\/Sesion-informativa-esp-1.png?resize=1024%2C1024&#038;ssl=1\" alt=\"\" class=\"wp-image-1523\" style=\"aspect-ratio:1;object-fit:cover\" srcset=\"https:\/\/i0.wp.com\/mundocomun.org\/wp-content\/uploads\/2025\/08\/Sesion-informativa-esp-1.png?resize=1024%2C1024&amp;ssl=1 1024w, https:\/\/i0.wp.com\/mundocomun.org\/wp-content\/uploads\/2025\/08\/Sesion-informativa-esp-1.png?resize=300%2C300&amp;ssl=1 300w, https:\/\/i0.wp.com\/mundocomun.org\/wp-content\/uploads\/2025\/08\/Sesion-informativa-esp-1.png?resize=150%2C150&amp;ssl=1 150w, https:\/\/i0.wp.com\/mundocomun.org\/wp-content\/uploads\/2025\/08\/Sesion-informativa-esp-1.png?resize=768%2C768&amp;ssl=1 768w, https:\/\/i0.wp.com\/mundocomun.org\/wp-content\/uploads\/2025\/08\/Sesion-informativa-esp-1.png?resize=1536%2C1536&amp;ssl=1 1536w, https:\/\/i0.wp.com\/mundocomun.org\/wp-content\/uploads\/2025\/08\/Sesion-informativa-esp-1.png?resize=12%2C12&amp;ssl=1 12w, https:\/\/i0.wp.com\/mundocomun.org\/wp-content\/uploads\/2025\/08\/Sesion-informativa-esp-1.png?w=1709&amp;ssl=1 1709w\" sizes=\"(max-width: 1000px) 100vw, 1000px\" \/><\/figure>\n\n\n\n<div class=\"wp-block-group is-layout-flow wp-container-core-group-is-layout-898c0ee1 wp-block-group-is-layout-flow\">\n<h3 class=\"wp-block-heading yellow-font-block\">Information Session in Spanish<\/h3>\n<\/div>\n\n\n\n<div class=\"wp-block-buttons is-layout-flex wp-block-buttons-is-layout-flex\">\n<div class=\"wp-block-button is-style-outline is-style-outline--5\"><a class=\"wp-block-button__link wp-element-button\" href=\"https:\/\/zoom.us\/rec\/share\/jU5_L55aiqK6RuiKcsRfkPVQ0vaL_q7zq_w7ltSn5XUqsZShUBU_KSROStxh6aY5.stk4DjnudN4s-cY8\">August 20: recording in Spanish available here<\/a><\/div>\n<\/div>\n<\/div>\n<\/div>\n<\/div>\n<\/div>\n\n\n\n<div class=\"wp-block-buttons is-content-justification-center is-layout-flex wp-container-core-buttons-is-layout-0aa01211 wp-block-buttons-is-layout-flex\">\n<div class=\"wp-block-button\"><a class=\"wp-block-button__link has-text-align-center wp-element-button\" href=\"https:\/\/mundocomun.org\/en\/experiencias\/pluriverso\/\">Back to Weaving Pluriverse main page<\/a><\/div>\n<\/div>\n\n\n\n<p class=\"wp-block-paragraph\"><\/p>","protected":false},"excerpt":{"rendered":"<p>Sesi\u00f3n Informativa en ingl\u00e9s Sesi\u00f3n Informativa en espa\u00f1ol<\/p>","protected":false},"author":247396400,"featured_media":0,"parent":163,"menu_order":0,"comment_status":"closed","ping_status":"closed","template":"","meta":{"_crdt_document":"","advanced_seo_description":"Weaving the Pluriverse \/ Tejiendo el Pluriverso: Open call for storytellers & creatives shaping post-Anthropocene futures. Apply now. Information Sessions","jetpack_seo_html_title":"Weaving the Pluriverse \/ Tejiendo el Pluriverso: Open Call for Storytellers & Creatives","jetpack_seo_noindex":false,"footnotes":""},"class_list":["post-1479","page","type-page","status-publish","hentry"],"jetpack_likes_enabled":true,"jetpack_sharing_enabled":true,"jetpack_shortlink":"https:\/\/wp.me\/Pfzmdr-nR","jetpack-related-posts":[],"_links":{"self":[{"href":"https:\/\/mundocomun.org\/en\/wp-json\/wp\/v2\/pages\/1479","targetHints":{"allow":["GET"]}}],"collection":[{"href":"https:\/\/mundocomun.org\/en\/wp-json\/wp\/v2\/pages"}],"about":[{"href":"https:\/\/mundocomun.org\/en\/wp-json\/wp\/v2\/types\/page"}],"author":[{"embeddable":true,"href":"https:\/\/mundocomun.org\/en\/wp-json\/wp\/v2\/users\/247396400"}],"replies":[{"embeddable":true,"href":"https:\/\/mundocomun.org\/en\/wp-json\/wp\/v2\/comments?post=1479"}],"version-history":[{"count":23,"href":"https:\/\/mundocomun.org\/en\/wp-json\/wp\/v2\/pages\/1479\/revisions"}],"predecessor-version":[{"id":1650,"href":"https:\/\/mundocomun.org\/en\/wp-json\/wp\/v2\/pages\/1479\/revisions\/1650"}],"up":[{"embeddable":true,"href":"https:\/\/mundocomun.org\/en\/wp-json\/wp\/v2\/pages\/163"}],"wp:attachment":[{"href":"https:\/\/mundocomun.org\/en\/wp-json\/wp\/v2\/media?parent=1479"}],"curies":[{"name":"wp","href":"https:\/\/api.w.org\/{rel}","templated":true}]}}